{"id":29142,"date":"2022-07-04T15:52:48","date_gmt":"2022-07-04T12:52:48","guid":{"rendered":"https:\/\/spotlight-timisoara.eu\/?page_id=29142"},"modified":"2023-12-17T09:28:50","modified_gmt":"2023-12-17T07:28:50","slug":"expozitii-2022","status":"publish","type":"page","link":"https:\/\/spotlight-timisoara.eu\/en\/expozitii-2022\/","title":{"rendered":"Exhibitions 2022"},"content":{"rendered":"<div class=\"wpb-content-wrapper\"><div id=\"vc_row-69e1edd8011a1\" class=\"vc_row wpb_row vc_row-fluid thegem-custom-69e1edd8011954206\"><div class=\"wpb_column vc_column_container vc_col-sm-12 thegem-custom-69e1edd80146c3079\" ><div class=\"vc_column-inner thegem-custom-inner-69e1edd80146d \"><div class=\"wpb_wrapper thegem-custom-69e1edd80146c3079\"><h2 style=\"text-align: left\" class=\"vc_custom_heading\" >Expozi\u021bie 2022<\/h2><\/div><\/div><\/div><\/div><div id=\"vc_row-69e1edd801df4\" class=\"vc_row wpb_row vc_row-fluid thegem-custom-69e1edd801dec6752 vc_row-o-content-middle vc_row-flex\"><div class=\"wpb_animate_when_almost_visible wpb_fadeIn fadeIn wpb_column vc_column_container vc_col-sm-6 thegem-custom-69e1edd80208b2526\" ><div class=\"vc_column-inner thegem-custom-inner-69e1edd80208c \"><div class=\"wpb_wrapper thegem-custom-69e1edd80208b2526\">\r\n\t\r\n\t<div  class=\"wpb_single_image wpb_content_element vc_align_center\" >\r\n\t\t\r\n\t\t<figure class=\"wpb_wrapper vc_figure\">\r\n\t\t\t<div class=\"vc_single_image-wrapper vc_box_shadow_border  vc_box_border_grey\"><img width=\"1920\" height=\"1080\" src=\"https:\/\/spotlight-timisoara.eu\/wp-content\/uploads\/2022\/07\/SH_2022_Event_cover.jpg\" class=\"vc_single_image-img attachment-full\" alt=\"\" title=\"SH_2022_Event_cover\" srcset=\"https:\/\/spotlight-timisoara.eu\/wp-content\/uploads\/2022\/07\/SH_2022_Event_cover.jpg 1920w, https:\/\/spotlight-timisoara.eu\/wp-content\/uploads\/2022\/07\/SH_2022_Event_cover-300x169.jpg 300w, https:\/\/spotlight-timisoara.eu\/wp-content\/uploads\/2022\/07\/SH_2022_Event_cover-1024x576.jpg 1024w, https:\/\/spotlight-timisoara.eu\/wp-content\/uploads\/2022\/07\/SH_2022_Event_cover-768x432.jpg 768w, https:\/\/spotlight-timisoara.eu\/wp-content\/uploads\/2022\/07\/SH_2022_Event_cover-1200x675.jpg 1200w, https:\/\/spotlight-timisoara.eu\/wp-content\/uploads\/2022\/07\/SH_2022_Event_cover-960x540.jpg 960w, https:\/\/spotlight-timisoara.eu\/wp-content\/uploads\/2022\/07\/SH_2022_Event_cover-1536x864.jpg 1536w, https:\/\/spotlight-timisoara.eu\/wp-content\/uploads\/2022\/07\/SH_2022_Event_cover-18x10.jpg 18w\" sizes=\"(max-width: 1920px) 100vw, 1920px\" \/><\/div>\r\n\t\t<\/figure>\r\n\t<\/div>\r\n\t\r\n<\/div><\/div><\/div><\/div><div id=\"vc_row-69e1edd802ca0\" class=\"vc_row wpb_row vc_row-fluid thegem-custom-69e1edd802c977018\"><div class=\"wpb_column vc_column_container vc_col-sm-4 thegem-custom-69e1edd802f307202\" ><div class=\"vc_column-inner thegem-custom-inner-69e1edd802f31 \"><div class=\"wpb_wrapper thegem-custom-69e1edd802f307202\"><p style=\"font-size: 18px;color: #424242;text-align: center\" class=\"vc_custom_heading\" >Trailer prezentare Cartierul Cetate<\/p><div class=\"gem-youtube gem-wrapbox gem-wrapbox-style-no-style rounded-corners gem-wrapbox-position-below\" style=\"width: 100%;\"><div class=\"gem-wrapbox-inner gem-ratio-style\" style=\"padding-top: 56.25%\"><iframe class=\"gem-wrapbox-element img-responsive\" width=\"100%\" height=\"300\" allowfullscreen=\"allowfullscreen\" frameborder=\"0\" scrolling=\"no\" marginheight=\"0\" marginwidth=\"0\" src=\"\/\/www.youtube.com\/embed\/3ueliZAu7kA?rel=0&amp;wmode=opaque\"><\/iframe><\/div><\/div><\/div><\/div><\/div><div class=\"wpb_column vc_column_container vc_col-sm-4 thegem-custom-69e1edd8033355489\" ><div class=\"vc_column-inner thegem-custom-inner-69e1edd803337 \"><div class=\"wpb_wrapper thegem-custom-69e1edd8033355489\"><p style=\"font-size: 18px;color: #424242;text-align: center\" class=\"vc_custom_heading\" >Overview Vernisaj Cartierul Cetate<\/p><div class=\"gem-youtube gem-wrapbox gem-wrapbox-style-no-style rounded-corners gem-wrapbox-position-below\" style=\"width: 100%;\"><div class=\"gem-wrapbox-inner gem-ratio-style\" style=\"padding-top: 56.25%\"><iframe class=\"gem-wrapbox-element img-responsive\" width=\"100%\" height=\"300\" allowfullscreen=\"allowfullscreen\" frameborder=\"0\" scrolling=\"no\" marginheight=\"0\" marginwidth=\"0\" src=\"\/\/www.youtube.com\/embed\/wIUvLM5BNxA?rel=0&amp;wmode=opaque\"><\/iframe><\/div><\/div><\/div><\/div><\/div><div class=\"wpb_column vc_column_container vc_col-sm-4 thegem-custom-69e1edd8036ae1320\" ><div class=\"vc_column-inner thegem-custom-inner-69e1edd8036af \"><div class=\"wpb_wrapper thegem-custom-69e1edd8036ae1320\"><p style=\"font-size: 18px;color: #424242;text-align: center\" class=\"vc_custom_heading\" >Clip Obiecte de patrimoniu \u0219i imagini Vechi<\/p><div class=\"gem-youtube gem-wrapbox gem-wrapbox-style-no-style rounded-corners gem-wrapbox-position-below\" style=\"width: 100%;\"><div class=\"gem-wrapbox-inner gem-ratio-style\" style=\"padding-top: 56.25%\"><iframe class=\"gem-wrapbox-element img-responsive\" width=\"100%\" height=\"300\" allowfullscreen=\"allowfullscreen\" frameborder=\"0\" scrolling=\"no\" marginheight=\"0\" marginwidth=\"0\" src=\"\/\/www.youtube.com\/embed\/qLJgu0KDh9U?rel=0&amp;wmode=opaque\"><\/iframe><\/div><\/div><\/div><\/div><\/div><\/div><div id=\"vc_row-69e1edd803adb\" class=\"vc_row wpb_row vc_row-fluid thegem-custom-69e1edd803ac57383\"><div class=\"wpb_column vc_column_container vc_col-sm-12 thegem-custom-69e1edd803d69175\" ><div class=\"vc_column-inner thegem-custom-inner-69e1edd803d6a \"><div class=\"wpb_wrapper thegem-custom-69e1edd803d69175\"><div class=\"vc_row wpb_row vc_inner vc_row-fluid thegem-custom-69e1edd8040646453 custom-inner-column-69e1edd80406a\" ><div class=\"wpb_column vc_column_container vc_col-sm-6 thegem-custom-69e1edd8042bd2856\"><div class=\"vc_column-inner thegem-custom-inner-69e1edd8042be \"><div class=\"wpb_wrapper thegem-custom-69e1edd8042bd2856\">\r\n\t\r\n\t\t<div class=\"wpb_text_column wpb_content_element  thegem-vc-text thegem-custom-69e1edd8044215951\"  >\r\n\t\t\t<div class=\"wpb_wrapper\">\r\n\t\t\t\t<p><strong>Expozi\u021bie muzeal\u0103 Spotlight Heritage Timi\u0219oara \u00een Muzeul Na\u021bional al Banatului<\/strong> &#8211; 5 IULIE &#8211; 11 SEPTEMBRIE 2022<\/p>\n<p>Exponatele care reprezint\u0103 istoria \u0219i literatura <a href=\"https:\/\/spotlight-timisoara.eu\/cartier-cetate\/\"><strong>cartierului Cetate<\/strong><\/a>, ilustr\u00e2nd Timi\u0219oara \u00een a doua jum\u0103tate a secolului al XIX-lea, dar \u0219i masa interactiv\u0103, sunt expuse la Muzeul Na\u021bional al Banatului &#8211; <a href=\"https:\/\/spotlight-timisoara.eu\/pf\/bastionul-maria-theresa\/\"><strong>Bastionul Maria Theresia<\/strong><\/a> (strada Martin Luther nr. 4), \u0219i pot fi vizitate p\u00e2n\u0103 \u00een 11 septembrie 2022.<\/p>\n\r\n\t\t\t<\/div>\r\n\t\t\t<style>@media screen and (max-width: 1023px) {.thegem-vc-text.thegem-custom-69e1edd8044215951{display: block!important;}}@media screen and (max-width: 767px) {.thegem-vc-text.thegem-custom-69e1edd8044215951{display: block!important;}}@media screen and (max-width: 1023px) {.thegem-vc-text.thegem-custom-69e1edd8044215951{position: relative !important;}}@media screen and (max-width: 767px) {.thegem-vc-text.thegem-custom-69e1edd8044215951{position: relative !important;}}<\/style>\r\n\t\t<\/div>\r\n\t\r\n<\/div><\/div><\/div><div class=\"wpb_column vc_column_container vc_col-sm-6 thegem-custom-69e1edd8046267834\"><div class=\"vc_column-inner thegem-custom-inner-69e1edd804627 \"><div class=\"wpb_wrapper thegem-custom-69e1edd8046267834\">\r\n\t\r\n\t<div  class=\"wpb_single_image wpb_content_element vc_align_right\" >\r\n\t\t\r\n\t\t<figure class=\"wpb_wrapper vc_figure\">\r\n\t\t\t<a data-rel=\"prettyPhoto[rel-29142-3855195755]\" href=\"https:\/\/spotlight-timisoara.eu\/wp-content\/uploads\/2022\/08\/Afis-100-1-727x1024.jpg\" target=\"_self\" class=\"vc_single_image-wrapper   vc_box_border_grey prettyphoto\"><img width=\"213\" height=\"300\" src=\"https:\/\/spotlight-timisoara.eu\/wp-content\/uploads\/2022\/08\/Afis-100-1-213x300.jpg\" class=\"vc_single_image-img attachment-medium\" alt=\"\" title=\"Afis-100\" srcset=\"https:\/\/spotlight-timisoara.eu\/wp-content\/uploads\/2022\/08\/Afis-100-1-213x300.jpg 213w, https:\/\/spotlight-timisoara.eu\/wp-content\/uploads\/2022\/08\/Afis-100-1-727x1024.jpg 727w, https:\/\/spotlight-timisoara.eu\/wp-content\/uploads\/2022\/08\/Afis-100-1-768x1082.jpg 768w, https:\/\/spotlight-timisoara.eu\/wp-content\/uploads\/2022\/08\/Afis-100-1-1920x2705.jpg 1920w, https:\/\/spotlight-timisoara.eu\/wp-content\/uploads\/2022\/08\/Afis-100-1-1200x1690.jpg 1200w, https:\/\/spotlight-timisoara.eu\/wp-content\/uploads\/2022\/08\/Afis-100-1-960x1352.jpg 960w, https:\/\/spotlight-timisoara.eu\/wp-content\/uploads\/2022\/08\/Afis-100-1-1090x1536.jpg 1090w, https:\/\/spotlight-timisoara.eu\/wp-content\/uploads\/2022\/08\/Afis-100-1-1454x2048.jpg 1454w, https:\/\/spotlight-timisoara.eu\/wp-content\/uploads\/2022\/08\/Afis-100-1-9x12.jpg 9w, https:\/\/spotlight-timisoara.eu\/wp-content\/uploads\/2022\/08\/Afis-100-1-scaled.jpg 1817w\" sizes=\"(max-width: 213px) 100vw, 213px\" \/><\/a>\r\n\t\t<\/figure>\r\n\t<\/div>\r\n\t\r\n<\/div><\/div><\/div><\/div><div class=\"vc_row wpb_row vc_inner vc_row-fluid thegem-custom-69e1edd8051762818 custom-inner-column-69e1edd80517b\" ><div class=\"wpb_column vc_column_container vc_col-sm-6 thegem-custom-69e1edd8053808636\"><div class=\"vc_column-inner thegem-custom-inner-69e1edd805382 \"><div class=\"wpb_wrapper thegem-custom-69e1edd8053808636\">\r\n\t\r\n\t\t<div class=\"wpb_text_column wpb_content_element  thegem-vc-text thegem-custom-69e1edd8054831363\"  >\r\n\t\t\t<div class=\"wpb_wrapper\">\r\n\t\t\t\t<p style=\"text-align: justify;\"><strong>Expozi\u021bie stradal\u0103 Spotlight Heritage Timi\u0219oara \u00een zona <a href=\"https:\/\/spotlight-timisoara.eu\/cartier-cetate\/\">Cetate<\/a> (Centru) <\/strong>&#8211;\u00a05 IULIE \u2014 31 OCTOMBRIE 2022<\/p>\n<p style=\"text-align: justify;\">Panourile informative Spotlight Heritage Timi\u0219oara, amplasate \u00een cele 18 loca\u021bii emblematice ale cartierului, v\u0103 a\u0219teapt\u0103 \u00een cadrul expozi\u021biei stradale, disponibil\u0103 p\u00e2n\u0103 \u00een 31 octombrie 2022.<\/p>\n<p>&nbsp;<\/p>\n<p>&nbsp;<\/p>\n\r\n\t\t\t<\/div>\r\n\t\t\t<style>@media screen and (max-width: 1023px) {.thegem-vc-text.thegem-custom-69e1edd8054831363{display: block!important;}}@media screen and (max-width: 767px) {.thegem-vc-text.thegem-custom-69e1edd8054831363{display: block!important;}}@media screen and (max-width: 1023px) {.thegem-vc-text.thegem-custom-69e1edd8054831363{position: relative !important;}}@media screen and (max-width: 767px) {.thegem-vc-text.thegem-custom-69e1edd8054831363{position: relative !important;}}<\/style>\r\n\t\t<\/div>\r\n\t\r\n<\/div><\/div><\/div><div class=\"wpb_column vc_column_container vc_col-sm-6 thegem-custom-69e1edd8056773268\"><div class=\"vc_column-inner thegem-custom-inner-69e1edd805679 \"><div class=\"wpb_wrapper thegem-custom-69e1edd8056773268\">\r\n\t\r\n\t<div  class=\"wpb_single_image wpb_content_element vc_align_right\" >\r\n\t\t\r\n\t\t<figure class=\"wpb_wrapper vc_figure\">\r\n\t\t\t<a data-rel=\"prettyPhoto[rel-29142-761451555]\" href=\"https:\/\/spotlight-timisoara.eu\/wp-content\/uploads\/2022\/07\/Afis_SH_expo-stradala-2022-724x1024.jpg\" target=\"_self\" class=\"vc_single_image-wrapper   vc_box_border_grey prettyphoto\"><img width=\"212\" height=\"300\" src=\"https:\/\/spotlight-timisoara.eu\/wp-content\/uploads\/2022\/07\/Afis_SH_expo-stradala-2022-212x300.jpg\" class=\"vc_single_image-img attachment-medium\" alt=\"\" title=\"Afis_SH_expo stradal\u0103 2022\" srcset=\"https:\/\/spotlight-timisoara.eu\/wp-content\/uploads\/2022\/07\/Afis_SH_expo-stradala-2022-212x300.jpg 212w, https:\/\/spotlight-timisoara.eu\/wp-content\/uploads\/2022\/07\/Afis_SH_expo-stradala-2022-724x1024.jpg 724w, https:\/\/spotlight-timisoara.eu\/wp-content\/uploads\/2022\/07\/Afis_SH_expo-stradala-2022-768x1086.jpg 768w, https:\/\/spotlight-timisoara.eu\/wp-content\/uploads\/2022\/07\/Afis_SH_expo-stradala-2022-1200x1697.jpg 1200w, https:\/\/spotlight-timisoara.eu\/wp-content\/uploads\/2022\/07\/Afis_SH_expo-stradala-2022-960x1358.jpg 960w, https:\/\/spotlight-timisoara.eu\/wp-content\/uploads\/2022\/07\/Afis_SH_expo-stradala-2022-1086x1536.jpg 1086w, https:\/\/spotlight-timisoara.eu\/wp-content\/uploads\/2022\/07\/Afis_SH_expo-stradala-2022-1448x2048.jpg 1448w, https:\/\/spotlight-timisoara.eu\/wp-content\/uploads\/2022\/07\/Afis_SH_expo-stradala-2022-8x12.jpg 8w, https:\/\/spotlight-timisoara.eu\/wp-content\/uploads\/2022\/07\/Afis_SH_expo-stradala-2022.jpg 1754w\" sizes=\"(max-width: 212px) 100vw, 212px\" \/><\/a>\r\n\t\t<\/figure>\r\n\t<\/div>\r\n\t\r\n<\/div><\/div><\/div><\/div>\r\n\t\r\n\t\t<div class=\"wpb_text_column wpb_content_element  thegem-vc-text thegem-custom-69e1edd80600b4057\"  >\r\n\t\t\t<div class=\"wpb_wrapper\">\r\n\t\t\t\t<p>Anul 2022 pune sub reflector literatura \u0219i poezia care celebreaz\u0103 Timi\u0219oara, dublat\u0103 de ilustrarea alegoriei sim\u021bului olfactiv prin valorificarea mitului urban de ora\u0219 al trandafirilori, care recreeaz\u0103 atmosfera <a href=\"https:\/\/spotlight-timisoara.eu\/cartier-cetate\/\"><strong>cartierului Cetate<\/strong><\/a> de acum \u0219i alt\u0103dat\u0103 \u2013 atmosfer\u0103 care este transpus\u0103 totodat\u0103 \u0219i virtual, cu ajutorul tehnologiilor de ultim\u0103 genera\u021bie. Selec\u021bia de texte literare culese de prof.univ.dr. Smaranda Vultur \u0219i de asist.univ.dr. Roxana Rogobete, amintirile din istoria oral\u0103 timi\u0219orean\u0103 valorificate de Grupul de Istorie Oral\u0103 \u0219i Antropologie Cultural\u0103 sunt \u00eembinate cu poeziile originale, create pentru Patrimoniul sub Reflectoare Timi\u0219oara, de c\u0103tre cunoscutul poet timi\u0219orean Robert \u0218erban.<\/p>\n<p>Cele 24 sta\u021bii ale <strong><a href=\"https:\/\/spotlight-timisoara.eu\/cartier-cetate\/\">cartierului Cetate<\/a><\/strong> \u0219i pove\u0219tile asociate acestora, cu detaliile din istorie \u0219i amintirile locuitorilor por fi accesate \u0219i \u00een format online, <a href=\"https:\/\/spotlight-timisoara.eu\/\"><strong>pe www.spotlight-timisoara.eu<\/strong><\/a>, unde pute\u021bi descoperi Timi\u0219oara de acum \u0219i de alt\u0103dat\u0103, prin informa\u021bii sub form\u0103 de text, imagini foto, video 360 \u0219i clipuri audio iar aplica\u021biile mobile \u0219i de realitate virtual\u0103 pot fi desc\u0103rcate pentru a tr\u0103i o experien\u021b\u0103 cu adev\u0103rat complex\u0103, \u00eembun\u0103t\u0103\u021bit\u0103 de tehnologia AR.<\/p>\n<p style=\"text-align: justify;\"><strong>Sta\u021bie cu sta\u021bie spre aceea\u0219i destina\u021bie<\/strong><\/p>\n<p style=\"text-align: justify;\">Posibilit\u0103\u021bile pe care ni le ofer\u0103 lumea digital\u0103 ne permit s\u0103 \u201esfid\u0103m\u201d grani\u021bele timpului \u0219i s\u0103 explor\u0103m cultura \u0219i patrimoniul ora\u0219ului nostru, prin mijloace care ne captiveaz\u0103 sim\u021burile. Iar anul acesta, proiectul Spotlight Heritage Timi\u0219oara ne ofer\u0103 chiar acest lucru &#8211; prin eviden\u021bierea <a href=\"https:\/\/spotlight-timisoara.eu\/cartier-cetate\/\"><strong>cartierului Cetate<\/strong><\/a> &#8211; O lume \u00een oglind\u0103, cu sim\u021bul mirosului, dedicat literaturii, inova\u021biei \u0219i parfumului trandafirilor!<\/p>\n<p style=\"text-align: justify;\">Iar prin parcurgerea traseelor \u0219i a cl\u0103dirilor ca locuri \u00een care s-au construit pove\u0219ti, ne conect\u0103m cu oameni din prezent, dar \u0219i din trecut \u0219i revigor\u0103m con\u0219tiin\u021ba noastr\u0103 civic\u0103. Timi\u0219oara face, \u00een aceast\u0103 perioad\u0103, pa\u0219i importan\u021bi spre con\u0219tientizarea colectiv\u0103 a nevoii de cultur\u0103, sprijinind to\u021bi actorii din via\u021ba ora\u0219ului, indiferent de rolul lor, s\u0103 redescopere aspecte ale vie\u021bii lor citadine.<\/p>\n<p style=\"text-align: justify;\"><strong>Aplica\u021biile digitale, mobile \u0219i de realitate augmentat\u0103 Spotlight Heritage<\/strong>\u00a0 &#8211; disponibile at\u00e2t pentru utilizatorii de Android, c\u00e2t \u0219i Apple &#8211; care vor identifica cele 24 loca\u021bii din <a href=\"https:\/\/spotlight-timisoara.eu\/cartier-cetate\/\"><strong>cartierul Cetate<\/strong><\/a>, prezentate prin mai multe metode: text cu informa\u021bii despre loca\u021bie \u0219i amintirile fo\u0219tilor locuitori de la fiecare punct emblematic, redactate sub form\u0103 de text, o galerie de imagini \u2013 at\u00e2t actuale, c\u00e2t \u0219i imagini vechi, clipuri video \u0219i imagini 360 de grade din fiecare loca\u021bie, astfel \u00eenc\u00e2t oricine s\u0103 \u00ee\u0219i poat\u0103 crea senza\u021bia de a fi \u00een interiorul cl\u0103dirii sau \u00een fa\u021ba cl\u0103dirii. \u00cen plus, odat\u0103 ce te afli \u00een preajma <a href=\"https:\/\/spotlight-timisoara.eu\/cartier-cetate\/\"><strong>cartierului Cetate<\/strong><\/a> \u0219i \u00een fa\u021ba unei cl\u0103diri, func\u021bia de realitate augmentat\u0103 (AR) va recunoa\u0219te cl\u0103direa \u0219i \u00ee\u021bi va oferi informa\u021bii despre aceasta. \u00cendrept\u00e2nd camera telefonului c\u0103tre cl\u0103direa respectiv\u0103, vei putea vedea fa\u021bada veche a cl\u0103dirii suprapus\u0103 peste cea actual\u0103.<\/p>\n\r\n\t\t\t<\/div>\r\n\t\t\t<style>@media screen and (max-width: 1023px) {.thegem-vc-text.thegem-custom-69e1edd80600b4057{display: block!important;}}@media screen and (max-width: 767px) {.thegem-vc-text.thegem-custom-69e1edd80600b4057{display: block!important;}}@media screen and (max-width: 1023px) {.thegem-vc-text.thegem-custom-69e1edd80600b4057{position: relative !important;}}@media screen and (max-width: 767px) {.thegem-vc-text.thegem-custom-69e1edd80600b4057{position: relative !important;}}<\/style>\r\n\t\t<\/div>\r\n\t\r\n<\/div><\/div><\/div><\/div>\n<\/div>","protected":false},"excerpt":{"rendered":"","protected":false},"author":1,"featured_media":0,"parent":0,"menu_order":0,"comment_status":"closed","ping_status":"closed","template":"","meta":{"_EventAllDay":false,"_EventTimezone":"","_EventStartDate":"","_EventEndDate":"","_EventStartDateUTC":"","_EventEndDateUTC":"","_EventShowMap":false,"_EventShowMapLink":false,"_EventURL":"","_EventCost":"","_EventCostDescription":"","_EventCurrencySymbol":"","_EventCurrencyCode":"","_EventCurrencyPosition":"","_EventDateTimeSeparator":"","_EventTimeRangeSeparator":"","_EventOrganizerID":[],"_EventVenueID":[],"_OrganizerEmail":"","_OrganizerPhone":"","_OrganizerWebsite":"","_VenueAddress":"","_VenueCity":"","_VenueCountry":"","_VenueProvince":"","_VenueState":"","_VenueZip":"","_VenuePhone":"","_VenueURL":"","_VenueStateProvince":"","_VenueLat":"","_VenueLng":"","_VenueShowMap":false,"_VenueShowMapLink":false,"footnotes":""},"class_list":["post-29142","page","type-page","status-publish"],"_links":{"self":[{"href":"https:\/\/spotlight-timisoara.eu\/en\/wp-json\/wp\/v2\/pages\/29142","targetHints":{"allow":["GET"]}}],"collection":[{"href":"https:\/\/spotlight-timisoara.eu\/en\/wp-json\/wp\/v2\/pages"}],"about":[{"href":"https:\/\/spotlight-timisoara.eu\/en\/wp-json\/wp\/v2\/types\/page"}],"author":[{"embeddable":true,"href":"https:\/\/spotlight-timisoara.eu\/en\/wp-json\/wp\/v2\/users\/1"}],"replies":[{"embeddable":true,"href":"https:\/\/spotlight-timisoara.eu\/en\/wp-json\/wp\/v2\/comments?post=29142"}],"version-history":[{"count":26,"href":"https:\/\/spotlight-timisoara.eu\/en\/wp-json\/wp\/v2\/pages\/29142\/revisions"}],"predecessor-version":[{"id":33797,"href":"https:\/\/spotlight-timisoara.eu\/en\/wp-json\/wp\/v2\/pages\/29142\/revisions\/33797"}],"wp:attachment":[{"href":"https:\/\/spotlight-timisoara.eu\/en\/wp-json\/wp\/v2\/media?parent=29142"}],"curies":[{"name":"wp","href":"https:\/\/api.w.org\/{rel}","templated":true}]}}