{"id":31502,"date":"2023-05-11T14:44:38","date_gmt":"2023-05-11T11:44:38","guid":{"rendered":"https:\/\/spotlight-timisoara.eu\/?page_id=31502"},"modified":"2024-02-20T11:59:19","modified_gmt":"2024-02-20T09:59:19","slug":"expozitii-2023","status":"publish","type":"page","link":"https:\/\/spotlight-timisoara.eu\/en\/expozitii-2023\/","title":{"rendered":"Exhibitions 2023"},"content":{"rendered":"<div class=\"wpb-content-wrapper\"><div id=\"vc_row-69d778e2872cb\" class=\"vc_row wpb_row vc_row-fluid thegem-custom-69d778e2872be7700\"><div class=\"wpb_column vc_column_container vc_col-sm-12 thegem-custom-69d778e28757d9280\" ><div class=\"vc_column-inner thegem-custom-inner-69d778e28757e \"><div class=\"wpb_wrapper thegem-custom-69d778e28757d9280\"><h2 style=\"text-align: left\" class=\"vc_custom_heading\" >Expozi\u021bie 2023<\/h2><\/div><\/div><\/div><\/div><div id=\"vc_row-69d778e287e55\" class=\"vc_row wpb_row vc_row-fluid thegem-custom-69d778e287e4c6101 vc_row-o-content-middle vc_row-flex\"><div class=\"wpb_animate_when_almost_visible wpb_fadeIn fadeIn wpb_column vc_column_container vc_col-sm-12 thegem-custom-69d778e28811d5789\" ><div class=\"vc_column-inner thegem-custom-inner-69d778e28811f \"><div class=\"wpb_wrapper thegem-custom-69d778e28811d5789\">\r\n\t\r\n\t<div  class=\"wpb_single_image wpb_content_element vc_align_center\" >\r\n\t\t\r\n\t\t<figure class=\"wpb_wrapper vc_figure\">\r\n\t\t\t<div class=\"vc_single_image-wrapper vc_box_shadow_border  vc_box_border_grey\"><img width=\"1921\" height=\"1081\" src=\"https:\/\/spotlight-timisoara.eu\/wp-content\/uploads\/2023\/08\/SM_Septembrie_2023_Event_cover.jpg\" class=\"vc_single_image-img attachment-full\" alt=\"\" title=\"SM_Septembrie_2023_Event_cover\" srcset=\"https:\/\/spotlight-timisoara.eu\/wp-content\/uploads\/2023\/08\/SM_Septembrie_2023_Event_cover.jpg 1921w, https:\/\/spotlight-timisoara.eu\/wp-content\/uploads\/2023\/08\/SM_Septembrie_2023_Event_cover-300x169.jpg 300w, https:\/\/spotlight-timisoara.eu\/wp-content\/uploads\/2023\/08\/SM_Septembrie_2023_Event_cover-1024x576.jpg 1024w, https:\/\/spotlight-timisoara.eu\/wp-content\/uploads\/2023\/08\/SM_Septembrie_2023_Event_cover-768x432.jpg 768w, https:\/\/spotlight-timisoara.eu\/wp-content\/uploads\/2023\/08\/SM_Septembrie_2023_Event_cover-1200x675.jpg 1200w, https:\/\/spotlight-timisoara.eu\/wp-content\/uploads\/2023\/08\/SM_Septembrie_2023_Event_cover-960x540.jpg 960w, https:\/\/spotlight-timisoara.eu\/wp-content\/uploads\/2023\/08\/SM_Septembrie_2023_Event_cover-1536x864.jpg 1536w, https:\/\/spotlight-timisoara.eu\/wp-content\/uploads\/2023\/08\/SM_Septembrie_2023_Event_cover-18x10.jpg 18w\" sizes=\"(max-width: 1921px) 100vw, 1921px\" \/><\/div>\r\n\t\t<\/figure>\r\n\t<\/div>\r\n\t\r\n<\/div><\/div><\/div><\/div><div id=\"vc_row-69d778e288be7\" class=\"vc_row wpb_row vc_row-fluid thegem-custom-69d778e288bdf677\"><div class=\"wpb_column vc_column_container vc_col-sm-12 thegem-custom-69d778e288ee02895\" ><div class=\"vc_column-inner thegem-custom-inner-69d778e288ee1 \"><div class=\"wpb_wrapper thegem-custom-69d778e288ee02895\"><div class=\"vc_row wpb_row vc_inner vc_row-fluid thegem-custom-69d778e2891e84102 custom-inner-column-69d778e2891ee\" ><div class=\"wpb_column vc_column_container vc_col-sm-6 thegem-custom-69d778e28940b6955\"><div class=\"vc_column-inner thegem-custom-inner-69d778e28940c \"><div class=\"wpb_wrapper thegem-custom-69d778e28940b6955\"><\/div><\/div><\/div><div class=\"wpb_column vc_column_container vc_col-sm-6 thegem-custom-69d778e2895de609\"><div class=\"vc_column-inner thegem-custom-inner-69d778e2895df \"><div class=\"wpb_wrapper thegem-custom-69d778e2895de609\"><\/div><\/div><\/div><\/div>\r\n\t\r\n\t\t<div class=\"wpb_text_column wpb_content_element  thegem-vc-text thegem-custom-69d778e2897323059\"  >\r\n\t\t\t<div class=\"wpb_wrapper\">\r\n\t\t\t\t<p style=\"text-align: center;\"><b>Expozi\u021bia \u201ePatrimoniul sub reflectoare Timi\u0219oara \u2013 Lumi Paralele\u201d, o incursiune digital\u0103 \u00een istoria \u0219i pove\u0219tile ora\u0219ului de pe Bega\u00a0<\/b><\/p>\n<p><i>Construind pun\u021bi peste grani\u021bele timpului \u0219i reunind prezentul cu trecutul, expozi\u021bia \u201ePatrimoniul sub reflectoare Timi\u0219oara \u2013 Lumi paralele\u201d deschide \u00eentr-o cheie digital\u0103 por\u021bile unei lumi a trecutului, prezentate prin mozaicuri de suflete \u0219i pove\u0219ti umane, de colec\u021bii de obiecte \u0219i instala\u021bii digitale\u00a0<\/i><\/p>\n<p>Zeci de obiecte de patrimoniu, imagini de arhiv\u0103, fragmente de memorii, interviuri, instala\u021bii video, audio, de realitate augmentat\u0103 \u0219i virtual\u0103 au fost prezentate vineri, 12 mai 2023, la vernisajul expozi\u021biei <b>\u201ePatrimoniul sub reflectoare Timi\u0219oara \u2013 Lumi Paralele\u201d<\/b>, din Mansarda B2 a Bastionului Theresia.<\/p>\n<p>Expozi\u021bia este a cincea din seria expozi\u021biilor \u00eencepute \u00een 2019, organizate de Muzeul Na\u021bional al Banatului \u00een parteneriat cu Universitatea Politehnica Timi\u0219oara, prin Centrul de ID\/IFR \u0219i e-Learning \u0219i Centrul Multimedia, \u00een proiectul de cultur\u0103 digital\u0103 \u201ePatrimoniul sub reflectoare\/ Spotlight Heritage Timi\u0219oara\u201d, parte din Programul cultural na\u021bional \u201eTimi\u0219oara \u2013 Capital\u0103 European\u0103 a Culturii \u00een anul 2023\u201d.<\/p>\n<p>\u201ePatrimoniul sub reflectoare Timi\u0219oara \u2013 Lumi Paralele\u201d prezint\u0103 o incursiune \u00een istoria cartierelor ora\u0219ului, aduc\u00e2nd participan\u021bilor pove\u0219ti prezentate dintr-o perspectiv\u0103 baroc\u0103, cea a alegoriei sim\u021burilor,\u00a0 care au ilustrat via\u021ba economic\u0103, social\u0103 \u0219i cultural\u0103 a celor 5 cartiere reper: <b>Iosefin (2019)<\/b>, <b>Elisabetin (2020)<\/b>, <b>Fabric (2021)<\/b>, <b>Cetate (2022)<\/b> \u0219i <b>Giroc (2023)<\/b>, un cartier-dormitor.<\/p>\n<p>Prin diverse surse de memorie, fragmente de interviuri \u0219i texte literare (roman, jurnal \u0219i memorii) \u0219i cu ajutorul curatorilor muzeali ai Muzeului Na\u021bional al Banatului s-a \u00eentregit o colec\u021bie important\u0103 de c\u0103r\u021bi po\u0219tale, fotografii, sigilii \u0219i obiecte de art\u0103, dar \u0219i obiecte personale, care dezv\u0103luie secven\u021be importante din istoria celor 5 cartiere ale Timi\u0219oarei \u0219i pentru diversele comunit\u0103\u021bi cultural-lingvistice care au format ora\u0219ul pe care noi \u00eel cunoa\u0219tem ast\u0103zi.<\/p>\n<p><i>\u201eAm ajuns \u00een anul 2023, la final de c\u0103l\u0103torie a acestui frumos proiect [&#8230;], un proiect care a \u00eenceput \u00een anul 2019, care a avut cel mai mare impact dintre toate proiectele Muzeului Na\u021bional al Banatului \u0219i un proiect de suflet al nostru, care ne bucur\u0103 \u0219i ne face m\u00e2ndri c\u0103 suntem timi\u0219oreni.\u201d, <\/i>Claudiu Ila\u0219, manager al Muzeului Na\u021bional al Banatului.<i>\u00a0<\/i><\/p>\n<p>Prezent la eveniment, rectorul Universit\u0103\u021bii Politehnica Timi\u0219oara, conf.univ.dr.ing. Florin Dr\u0103gan, a declarat: <i>\u201dAcest proiect este unul important \u0219i de succes pentru ora\u0219 \u0219i pentru universitate, precursor al conceptului de Campus Creativ UPT,\u00a0 care vine \u00een plus s\u0103 celebreze \u0219i cei 100 de ani de la prima cl\u0103dire a universit\u0103\u021bii\u201d.<\/i><\/p>\n<p>Expozi\u021bia a reunit aprecieri \u0219i din partea oficialit\u0103\u021bilor prezente: Alin Nica, pre\u0219edintele Consiliului Jude\u021bean Timi\u0219, Ruben La\u021bc\u0103u, viceprimar al Timi\u0219oarei, prof.dr.ing. Radu Vasiu, pre\u0219edintele Senatului UPT \u0219i director al Centrului Multimedia.<\/p>\n<p><a href=\"https:\/\/spotlight-timisoara.eu\/cartier-giroc\/\"><b>Cartierul Giroc \u2013 o istorie nu foarte \u00eendep\u0103rtat\u0103 a ora\u0219ului<\/b><\/a><\/p>\n<p>\u00cenc\u0103 din anul 2019, cu prima expozi\u021bie, s-a urmat un curs liniar al istoriei, anul 2023 aduc\u00e2nd \u00een lumina reflectoarelor povestea cartierului Giroc, reprezentat \u0219i surprins prin memoriile \u0219i scrierile <b>Sorinei Jecza<\/b>, prin prezen\u021ba lucr\u0103rilor realizate pentru familia sa de prolificul sculptor Peter Jecza.<\/p>\n<p>De asemenea, fotoreporterul <b>Constantin Duma<\/b> a jucat un rol important \u00een surprinderea evenimentelor care au \u00eentregit viziunea cartierului-dormitor cu privire la dezvoltarea industrial\u0103 \u0219i perioada socialist\u0103, dar mai ales prin imortalizarea amintirilor de la Revolu\u021bia din 1989.<\/p>\n<p><i>\u201eIstoria o facem noi, suntem responsabili de ea \u0219i \u00een fiecare zi noi lupt\u0103m cu timpul \u0219i ducem timpul mai departe\u201d,<\/i> a men\u021bionat Sorina Jecza, gazda expozi\u021biei din 2023.<\/p>\n<p><b>O alegorie a sim\u021burilor stimulate prin experien\u021be digitale<\/b><\/p>\n<p>Expozi\u021bia conduce publicul printr-o c\u0103l\u0103torie de stimularea a sim\u021burilor, unde ace\u0219tia au bucuria de a explora spa\u021bii urbane \u0219i puncte cheie \u00een dezvoltarea ora\u0219ului prin prisma a cinci personalit\u0103\u021bi:<\/p>\n<ul>\n<li aria-level=\"1\"><a href=\"https:\/\/spotlight-timisoara.eu\/expozitie-2019\/\">V\u0103zul \u0219i lumea Valeriei Pintea<\/a> din <a href=\"https:\/\/spotlight-timisoara.eu\/cartier-iosefin\/\">cartierul Iosefin<\/a>, prin romanul Lianei Maria Gombo\u0219iu, prezentat\u0103 la vernisaj de str\u0103nepoata Alexandra N\u0103\u0219cu\u021biu;<\/li>\n<li aria-level=\"1\"><a href=\"https:\/\/spotlight-timisoara.eu\/expozitie-2020\/\">Tactilul \u0219i lumea ascuns\u0103 \u00eentr-un cuf\u0103r a lui Netti Diel<\/a> din <a href=\"https:\/\/spotlight-timisoara.eu\/cartier-elisabetin\/\">cartierul Elisabetin<\/a>, prin intermediul jurnalului de familie al Piei Br\u00eenzeu;<\/li>\n<li aria-level=\"1\"><a href=\"https:\/\/spotlight-timisoara.eu\/expozitie-2021\/\">Auzul \u0219i lumile \u00een destine<\/a> din <a href=\"https:\/\/spotlight-timisoara.eu\/cartier-fabric\/\">cartierul Fabric<\/a>, aflate \u00een arhiva Grupului de Istorie Oral\u0103 \u0219i Antropologie Cultural\u0103, \u00eenfiin\u021bat \u0219i coordonat de doamna Smaranda Vultur;<\/li>\n<li aria-level=\"1\"><a href=\"https:\/\/spotlight-timisoara.eu\/expozitii-2022\/\">Olfactivul \u0219i lumea din oglinda<\/a> <a href=\"https:\/\/spotlight-timisoara.eu\/cartier-cetate\/\">cartierului Cetate<\/a>, din perspectiva poeziilor scrise de Robert \u0218erban \u0219i a textelor selectate de Smaranda Vultur \u0219i Roxana Rogobete;<\/li>\n<li aria-level=\"1\">Gustativul \u0219i lumile paralele din <a href=\"https:\/\/spotlight-timisoara.eu\/cartier-giroc\/\">cartierul Giroc<\/a>, suprinse \u00een jurnalul Sorinei Jecza, \u0219i introspec\u021bie asupra industrializ\u0103rii comuniste \u0219i Revolu\u021biei din 1989 prin selec\u021bii furnizate de Memorialul Revolu\u021biei din 1989, imagini realizate de Constantin Duma.<\/li>\n<\/ul>\n<p><i>\u201eSunt mai bine de 10 ani de la prima idee,\u00a0 5 ani de la prima ie\u0219ire \u00een public, cu 5 cartiere \u0219i un ora\u0219 cu pove\u0219ti \u0219i inova\u021bii digitale \u00een fiecare an. \u00cen fiecare cartier am avut o gazd\u0103, \u00een special femei, astfel \u00eenc\u00e2t istoria celor mul\u021bi din Timi\u0219oara s\u0103 cuprind\u0103, \u00eentr-un final, \u0219i istoria femeilor din Timi\u0219oara.\u201d, <\/i>a rostit dr. Diana Andone, directorul <a href=\"https:\/\/elearning.upt.ro\/\">Centrului de ID\/IFR \u0219i e-Learning<\/a>.<\/p>\n<p>Vizitatorii expozi\u021biei se pot bucura de experien\u021be digitale inedite, prin care pot descoperi istoria \u0219i trecutul ora\u0219ului printr-o alegorie a sim\u021burilor, astfel:<\/p>\n<ul>\n<li aria-level=\"1\"><b>Alegoria sim\u021bului v\u0103zului<\/b> este reprezentat\u0103 de aplica\u021bia <b>Spotlight Heritage Culture,<\/b> prin care personajele din pictura \u00een ulei pe p\u00e2nz\u0103 a Castelului Huniade (1910) a pictorului Stefan J\u00e4ger (1877 &#8211; 1962) prind via\u021b\u0103. Al\u0103turi de pictura Castelului Huniade, pentru <b>sim\u021bul v\u0103zului<\/b> se poate urm\u0103ri \u0219i instala\u021bia video <b>Patrimoniul cartierului Cetate,<\/b> o interpretare cu fa\u021bete multiple pentru lumea \u00een oglind\u0103 din anul 2022, a istoriei patrimoniului tangibil prin obiecte de muzeu, a arhitecturii cartierului \u0219i a poeziei lui Robert \u0218erban!<\/li>\n<li aria-level=\"1\"><b>Alegoria sim\u021burilor v\u0103zului \u0219i auzului<\/b> poate fi experimentat\u0103 prin vederi panoramice, printr-o experien\u021b\u0103 imersiv\u0103 \u00een 360 de grade de-a lungul <a href=\"https:\/\/spotlight-timisoara.eu\/pf\/canalul-bega\/\">Canalului Bega<\/a>, care str\u0103bate ora\u0219ul, iar stimulul sim\u021bului auzului este o compozi\u021bie original\u0103 a lui Dan Simion.<\/li>\n<li aria-level=\"1\"><b>Alegoria sim\u021bului mirosului<\/b> este adus\u0103 \u00eenaintea publicului prin experimente chimice, \u00een parteneriat cu Facultatea de Chimie Industrial\u0103 \u0219i Inginerie a Mediului a Universit\u0103\u021bii Politehnica Timi\u0219oara, unde oamenii se pot bucura de mirosul trandafirilor prin arome ambientale de esen\u021be \u0219i flori expuse.<\/li>\n<li aria-level=\"1\"><b>Selec\u021biile video <\/b>prezint\u0103 o retrospectiv\u0103 a celor 5 ani care au adus \u00een aten\u021bia publicului timi\u0219orean povestea ora\u0219ului \u0219i a personalit\u0103\u021bilor acestuia. Publicul poate experimenta aplica\u021bii de realitate virtual\u0103, realitate augmentat\u0103 \u0219i realitate mixt\u0103, care ofer\u0103 o perspectiv\u0103 unic\u0103 asupra obiectelor de patrimoniu.<\/li>\n<\/ul>\n<ul>\n<li style=\"list-style-type: none;\"><\/li>\n<\/ul>\n<ul>\n<li aria-level=\"1\"><b><a href=\"https:\/\/spotlight-timisoara.eu\/comunitatea\/\">Povestea ta &#8211; Comunitate<\/a>. <\/b>Orice poveste a oamenilor este o poveste a ora\u0219ului. Un ora\u0219 nu \u00eenseamn\u0103 doar cl\u0103diri \u0219i obiective turistice, fa\u021bade \u0219i vitralii sau un loc bun de poze. Un ora\u0219 \u00eenseamn\u0103 pove\u0219tile fiec\u0103ruia dintre noi, \u00eenseamn\u0103 copil\u0103rii, emo\u021bii, iubiri \u0219i leg\u0103minte zidite \u00een c\u0103r\u0103mid\u0103 \u0219i \u00een paginile vie\u021bilor noastre. Unii locuitori dar \u0219i studen\u021bi ai UPT \u0219i-au prezentat propriile pove\u0219ti personale, comentariile, pozele sau videoclipurile care reprezint\u0103 pentru ei ora\u0219ul de care s-au \u00eendr\u0103gostit \u0219i care sunt incluse \u00een expozi\u021bie.<\/li>\n<li aria-level=\"1\">Inova\u021bia este prezent\u0103 \u0219i prin expunerea primului <b><a href=\"https:\/\/spotlight-timisoara.eu\/mobil-ar-vr\/#nft\">NFT (Non-Fungible Tokens) Spotlight Heritage &#8211; Timisoara2023<\/a><\/b>, o premier\u0103 \u00een peisajul academic rom\u00e2nesc, realizat de artistul Marius Jurc\u0103 \u0219i dezvoltat de Universitatea Politehnica Timi\u0219oara, pe 17 februarie 2023.<\/li>\n<\/ul>\n<p><span style=\"font-weight: 400;\">Prin organizarea de tururi ghidate, gratuite, recurente \u0219i anun\u021bate public, inclusiv \u00een calendarul oficial Timisoara2023, dar \u0219i prin accesibilitatea oferit\u0103 \u00een cadrul evenimentelor de v\u00e2rf precum Noaptea Muzeelor \u0219i Noaptea Cercet\u0103torilor Europeni 2023, expozi\u021bia a fost vizitat\u0103 de peste 2.500 de participan\u021bi \u00een zilele\/nop\u021bile respective.<\/span><\/p>\n<p>De asemenea, posibilitatea de prezen\u021b\u0103 \u0219i vizitare fizic\u0103 a expozi\u021biei de-a lungul duratei acesteia, expozi\u021bia a str\u00e2ns un num\u0103r de peste <span style=\"font-weight: 400;\">4.800 de participan\u021bi direc\u021bi din publicul larg, din peste 20 de \u021b\u0103ri \u0219i peste 10.000 de participan\u021bi indirec\u021bi, care au avut posibilitatea de a o descoperi \u00een mediul online, c\u00e2t \u0219i un num\u0103r impresionant de 110 voluntari dornici s\u0103 fac\u0103 parte din experien\u021ba acestor tururi.<\/span><\/p>\n<p>Expozi\u021bia a fost deschis\u0103 publicului p\u00e2n\u0103 pe<b> 1 octombrie 2023<\/b> \u0219i a putut fi vizitat\u0103 \u00een mansarda B2 a <a href=\"https:\/\/spotlight-timisoara.eu\/pf\/bastionul-maria-theresa\/\">Bastionului Maria Theresia<\/a>, <a href=\"https:\/\/spotlight-timisoara.eu\/pf\/muzeul-national-banat\/\">Muzeul Na\u021bional al Banatului<\/a>.<\/p>\n<p><a href=\"https:\/\/spotlight-timisoara.eu\/eveniment\/vernisaj-patrimoniul-sub-reflectoare-timisoara-lumi-paralele\/\"><strong>Vezi aici Vernisajul expozi\u021biei \u201ePatrimoniul sub reflectoare Timi\u0219oara \u2013 Lumi paralele\u201d<\/strong><\/a><\/p>\n<p><a href=\"https:\/\/spotlight-timisoara.eu\/eveniment\/finisajul-expozitiei-patrimoniul-sub-reflectoare-lumi-paralele-2\/\"><strong>Vezi aici Finisajul expozi\u021biei \u201ePatrimoniul sub reflectoare \u2013 Lumi Paralele\u201d<\/strong><\/a><\/p>\n\r\n\t\t\t<\/div>\r\n\t\t\t<style>@media screen and (max-width: 1023px) {.thegem-vc-text.thegem-custom-69d778e2897323059{display: block!important;}}@media screen and (max-width: 767px) {.thegem-vc-text.thegem-custom-69d778e2897323059{display: block!important;}}@media screen and (max-width: 1023px) {.thegem-vc-text.thegem-custom-69d778e2897323059{position: relative !important;}}@media screen and (max-width: 767px) {.thegem-vc-text.thegem-custom-69d778e2897323059{position: relative !important;}}<\/style>\r\n\t\t<\/div>\r\n\t\r\n<\/div><\/div><\/div><\/div><div id=\"vc_row-69d778e289b70\" class=\"vc_row wpb_row vc_row-fluid thegem-custom-69d778e289b688267\"><div class=\"wpb_column vc_column_container vc_col-sm-4 thegem-custom-69d778e289df35819\" ><div class=\"vc_column-inner thegem-custom-inner-69d778e289df4 \"><div class=\"wpb_wrapper thegem-custom-69d778e289df35819\"><p style=\"font-size: 18px;text-align: center\" class=\"vc_custom_heading\" >Trailer prezentare Cartierul Giroc<\/p><div class=\"gem-youtube gem-wrapbox gem-wrapbox-style-no-style rounded-corners gem-wrapbox-position-below\" style=\"width: 100%;\"><div class=\"gem-wrapbox-inner gem-ratio-style\" style=\"padding-top: 56.25%\"><iframe class=\"gem-wrapbox-element img-responsive\" width=\"100%\" height=\"300\" allowfullscreen=\"allowfullscreen\" frameborder=\"0\" scrolling=\"no\" marginheight=\"0\" marginwidth=\"0\" src=\"\/\/www.youtube.com\/embed\/_jv9GzbxEOE?rel=0&amp;wmode=opaque\"><\/iframe><\/div><\/div><\/div><\/div><\/div><div class=\"wpb_column vc_column_container vc_col-sm-4 thegem-custom-69d778e28a2083396\" ><div class=\"vc_column-inner thegem-custom-inner-69d778e28a20a \"><div class=\"wpb_wrapper thegem-custom-69d778e28a2083396\"><p style=\"font-size: 18px;text-align: center\" class=\"vc_custom_heading\" >Overview Vernisaj Cartierul Giroc<\/p><div class=\"gem-youtube gem-wrapbox gem-wrapbox-style-no-style rounded-corners gem-wrapbox-position-below\" style=\"width: 100%;\"><div class=\"gem-wrapbox-inner gem-ratio-style\" style=\"padding-top: 56.25%\"><iframe class=\"gem-wrapbox-element img-responsive\" width=\"100%\" height=\"300\" allowfullscreen=\"allowfullscreen\" frameborder=\"0\" scrolling=\"no\" marginheight=\"0\" marginwidth=\"0\" src=\"\/\/www.youtube.com\/embed\/6mbrmaW1pi4?rel=0&amp;wmode=opaque\"><\/iframe><\/div><\/div><\/div><\/div><\/div><div class=\"wpb_column vc_column_container vc_col-sm-4 thegem-custom-69d778e28a5793122\" ><div class=\"vc_column-inner thegem-custom-inner-69d778e28a57a \"><div class=\"wpb_wrapper thegem-custom-69d778e28a5793122\"><p style=\"font-size: 18px;text-align: center\" class=\"vc_custom_heading\" >Prezentare Expozi\u021bie Cartierul Giroc<\/p><div class=\"gem-youtube gem-wrapbox gem-wrapbox-style-no-style rounded-corners gem-wrapbox-position-below\" style=\"width: 100%;\"><div class=\"gem-wrapbox-inner gem-ratio-style\" style=\"padding-top: 56.25%\"><iframe class=\"gem-wrapbox-element img-responsive\" width=\"100%\" height=\"300\" allowfullscreen=\"allowfullscreen\" frameborder=\"0\" scrolling=\"no\" marginheight=\"0\" marginwidth=\"0\" src=\"\/\/www.youtube.com\/embed\/rz1-6Y53oBA?rel=0&amp;wmode=opaque\"><\/iframe><\/div><\/div><\/div><\/div><\/div><\/div><div id=\"vc_row-69d778e28a999\" class=\"vc_row wpb_row vc_row-fluid thegem-custom-69d778e28a9924144\"><div class=\"wpb_column vc_column_container vc_col-sm-12 thegem-custom-69d778e28abcb6457\" ><div class=\"vc_column-inner thegem-custom-inner-69d778e28abcd \"><div class=\"wpb_wrapper thegem-custom-69d778e28abcb6457\">\r\n\t\r\n\t\t<div class=\"wpb_text_column wpb_content_element  thegem-vc-text thegem-custom-69d778e28acf8467\"  >\r\n\t\t\t<div class=\"wpb_wrapper\">\r\n\t\t\t\t<p><b>Despre proiectul digital cultural Patrimoniul sub Reflectoare<\/b><\/p>\n<p>Spotlight Heritage Timi\u0219oara\/Patrimoniul sub reflectoare este o ini\u021biativ\u0103 cultural\u0103 digital\u0103 a Universit\u0103\u021bii Politehnica Timi\u0219oara realizat\u0103 \u00een parteneriat cu Muzeul Na\u021bional al Banatului, parte a Programului Cultural Timi\u0219oara 2023 Capital\u0103 European\u0103 a Culturii. Proiect cultural co-finan\u021bat de Municipiul Timi\u0219oara prin Centrul de Proiecte, Consiliul Jude\u021bean Timi\u0219, Ministerul Culturii, EEA and Norway Grants.<\/p>\n<p>Componentele digitale ale proiectului sunt accesibile online la adresa <a href=\"https:\/\/spotlight-timisoara.eu\/\">https:\/\/spotlight-timisoara.eu\/<\/a> \u0219i prin aplica\u021biile mobile care pot fi desc\u0103rcate din magazinele Android \u0219i Apple sau c\u0103ut\u00e2nd \u201eSpotlight Heritage Timi\u0219oara\u201d.<\/p>\n<ul>\n<li aria-level=\"1\"><i>Link aplica\u021bii pentru utilizatorii Android:<\/i> <a href=\"https:\/\/is.gd\/SjiIgv\">https:\/\/is.gd\/SjiIgv<\/a><\/li>\n<li aria-level=\"1\"><i>Link aplica\u021bii pentru utilizatorii iOS:<\/i> <a href=\"https:\/\/is.gd\/y6JxeV\">https:\/\/is.gd\/y6JxeV<\/a><\/li>\n<\/ul>\n<p>Informa\u021bii despre eveniment sunt disponibile \u0219i pe:<\/p>\n<ul>\n<li aria-level=\"1\"><b>Pagina web:<\/b> <a href=\"https:\/\/spotlight-timisoara.eu\/\">https:\/\/spotlight-timisoara.eu\/<\/a><\/li>\n<li aria-level=\"1\"><b>Facebook:<\/b> <a href=\"https:\/\/www.facebook.com\/SpotlightHeritageTimisoara\/\">https:\/\/www.facebook.com\/SpotlightHeritageTimisoara\/<\/a><\/li>\n<li aria-level=\"1\"><b>Twitter:<\/b> @spotlight_TM21<\/li>\n<li aria-level=\"1\"><b>Instagram:<\/b> @spotlight_tm<\/li>\n<\/ul>\n<p><b>Universitatea Politehnica Timi\u0219oara<\/b> a s\u0103rb\u0103torit \u00een anul 2020 primul veac de \u00eenv\u0103\u021b\u0103m\u00e2nt universitar la Timi\u0219oara, \u00eenfiin\u021bat\u0103 la 11 noiembrie 1920 prin Decret Regal. Universitatea Politehnica Timi\u015foara, universitate de cercetare avansat\u0103 \u015fi educa\u0163ie, este ast\u0103zi una dintre \u015fcolile rom\u00e2ne\u015fti cu tradi\u0163ie, recunoscut\u0103 \u00een plan na\u0163ional \u015fi interna\u0163ional, at\u00e2t prin activitatea genera\u0163iilor de cadre didactice, c\u00e2t \u015fi prin activitatea de excep\u0163ie a unor academicieni prestigio\u015fi. Cele 10 facult\u0103\u0163i ale universit\u0103\u0163ii asigur\u0103 programe de studii pentru aproximativ 13500 studen\u0163i. \u00cen cadrul celor 25 departamente \u00ee\u015fi desf\u0103\u015foar\u0103 activitatea peste 800 cadre didactice, iar personalul administrativ \u015fi auxiliar num\u0103r\u0103 \u00een jur de 1000 cadre.<\/p>\n<p><b>Muzeul Na\u021bional al Banatului<\/b> are sediul \u00eentr-o cl\u0103dire declarat\u0103 monument istoric &#8211; Castelul Huniade. Sediul temporar al Muzeului Na\u021bional al Banatului pentru organizarea de expozi\u021bii temporare \u0219i evenimente culturale este bastionul Theresia, din strada Martin Luther nr. 4.<\/p>\n<p>&nbsp;<\/p>\n<p>Spotlight Heritage Timi\u0219oara\/Patrimoniul sub reflectoare este o ini\u021biativ\u0103 cultural\u0103 digital\u0103 a Universit\u0103\u021bii Politehnica Timi\u0219oara realizat\u0103 \u00een parteneriat cu Muzeul Na\u021bional al Banatului, parte a Programului Cultural Timi\u0219oara 2023 Capital\u0103 European\u0103 a Culturii. Proiect cultural co-finan\u021bat de Municipiul Timi\u0219oara prin Centrul de Proiecte, Consiliul Jude\u021bean Timi\u0219, Ministerul Culturii, EEA and Norway Grants.<\/p>\n\r\n\t\t\t<\/div>\r\n\t\t\t<style>@media screen and (max-width: 1023px) {.thegem-vc-text.thegem-custom-69d778e28acf8467{display: block!important;}}@media screen and (max-width: 767px) {.thegem-vc-text.thegem-custom-69d778e28acf8467{display: block!important;}}@media screen and (max-width: 1023px) {.thegem-vc-text.thegem-custom-69d778e28acf8467{position: relative !important;}}@media screen and (max-width: 767px) {.thegem-vc-text.thegem-custom-69d778e28acf8467{position: relative !important;}}<\/style>\r\n\t\t<\/div>\r\n\t\r\n<\/div><\/div><\/div><\/div>\n<\/div>","protected":false},"excerpt":{"rendered":"","protected":false},"author":2,"featured_media":32449,"parent":0,"menu_order":0,"comment_status":"closed","ping_status":"closed","template":"","meta":{"_EventAllDay":false,"_EventTimezone":"","_EventStartDate":"","_EventEndDate":"","_EventStartDateUTC":"","_EventEndDateUTC":"","_EventShowMap":false,"_EventShowMapLink":false,"_EventURL":"","_EventCost":"","_EventCostDescription":"","_EventCurrencySymbol":"","_EventCurrencyCode":"","_EventCurrencyPosition":"","_EventDateTimeSeparator":"","_EventTimeRangeSeparator":"","_EventOrganizerID":[],"_EventVenueID":[],"_OrganizerEmail":"","_OrganizerPhone":"","_OrganizerWebsite":"","_VenueAddress":"","_VenueCity":"","_VenueCountry":"","_VenueProvince":"","_VenueState":"","_VenueZip":"","_VenuePhone":"","_VenueURL":"","_VenueStateProvince":"","_VenueLat":"","_VenueLng":"","_VenueShowMap":false,"_VenueShowMapLink":false,"footnotes":""},"class_list":["post-31502","page","type-page","status-publish","has-post-thumbnail"],"_links":{"self":[{"href":"https:\/\/spotlight-timisoara.eu\/en\/wp-json\/wp\/v2\/pages\/31502","targetHints":{"allow":["GET"]}}],"collection":[{"href":"https:\/\/spotlight-timisoara.eu\/en\/wp-json\/wp\/v2\/pages"}],"about":[{"href":"https:\/\/spotlight-timisoara.eu\/en\/wp-json\/wp\/v2\/types\/page"}],"author":[{"embeddable":true,"href":"https:\/\/spotlight-timisoara.eu\/en\/wp-json\/wp\/v2\/users\/2"}],"replies":[{"embeddable":true,"href":"https:\/\/spotlight-timisoara.eu\/en\/wp-json\/wp\/v2\/comments?post=31502"}],"version-history":[{"count":26,"href":"https:\/\/spotlight-timisoara.eu\/en\/wp-json\/wp\/v2\/pages\/31502\/revisions"}],"predecessor-version":[{"id":34378,"href":"https:\/\/spotlight-timisoara.eu\/en\/wp-json\/wp\/v2\/pages\/31502\/revisions\/34378"}],"wp:featuredmedia":[{"embeddable":true,"href":"https:\/\/spotlight-timisoara.eu\/en\/wp-json\/wp\/v2\/media\/32449"}],"wp:attachment":[{"href":"https:\/\/spotlight-timisoara.eu\/en\/wp-json\/wp\/v2\/media?parent=31502"}],"curies":[{"name":"wp","href":"https:\/\/api.w.org\/{rel}","templated":true}]}}